{"id":13,"date":"2026-02-09T10:53:21","date_gmt":"2026-02-09T09:53:21","guid":{"rendered":"https:\/\/xn--fortl-vra.nu\/?page_id=13"},"modified":"2026-04-14T09:36:33","modified_gmt":"2026-04-14T08:36:33","slug":"om","status":"publish","type":"page","link":"https:\/\/xn--fortl-vra.nu\/index.php\/om\/","title":{"rendered":"Om"},"content":{"rendered":"\n<div class=\"wp-block-group has-global-padding is-layout-constrained wp-block-group-is-layout-constrained\">\n<h2 data-wp-context---core-fit-text=\"core\/fit-text::{&quot;fontSize&quot;:&quot;&quot;}\" data-wp-init---core-fit-text=\"core\/fit-text::callbacks.init\" data-wp-interactive data-wp-style--font-size=\"core\/fit-text::context.fontSize\" class=\"wp-block-heading has-fit-text\">Min h\u00f8jpandede vision<\/h2>\n\n\n\n<p>Fordi fort\u00e6lling i alle dens former betyder s\u00e5 meget for mig, \u00f8nsker jeg at dele den gl\u00e6de med alle mulige andre &#8211; b\u00f8rn, voksne, l\u00e6rere, ledere, politikere og p\u00e6dagoger. <\/p>\n\n\n\n<p>Derfor dr\u00f8mmer jeg om at udbrede den mundtlige fort\u00e6lling til hele landet ved at lave workshops for skoler, s\u00e5 l\u00e6rere og p\u00e6dagoger kan f\u00e5 helt konkrete redskaber og en vis portion selvsikkerhed og g\u00e5p\u00e5mod med i bagagen i deres arbejde med b\u00f8rn. <\/p>\n\n\n\n<p>Jeg vil ogs\u00e5 gerne \u00e5bne den brede offentligheds \u00f8jne op for, hvilken fantastisk kunstart, der ligger latent indeni os alle sammen og bare venter p\u00e5 at komme frem igen &#8211; for vi har v\u00e6ret meget mere fort\u00e6llende end vi er i dag. Det vil jeg gerne v\u00e6re med til at \u00e6ndre.<\/p>\n<\/div>\n\n\n\n<figure class=\"wp-block-image size-large\"><img loading=\"lazy\" decoding=\"async\" width=\"1024\" height=\"683\" src=\"https:\/\/xn--fortl-vra.nu\/wp-content\/uploads\/2026\/02\/foto-af-mig-1024x683.png\" alt=\"\" class=\"wp-image-126\" srcset=\"https:\/\/xn--fortl-vra.nu\/wp-content\/uploads\/2026\/02\/foto-af-mig-1024x683.png 1024w, https:\/\/xn--fortl-vra.nu\/wp-content\/uploads\/2026\/02\/foto-af-mig-300x200.png 300w, https:\/\/xn--fortl-vra.nu\/wp-content\/uploads\/2026\/02\/foto-af-mig-768x512.png 768w, https:\/\/xn--fortl-vra.nu\/wp-content\/uploads\/2026\/02\/foto-af-mig.png 1536w\" sizes=\"auto, (max-width: 1024px) 100vw, 1024px\" \/><\/figure>\n\n\n\n<div class=\"wp-block-group has-global-padding is-layout-constrained wp-block-group-is-layout-constrained\">\n<h2 data-wp-context---core-fit-text=\"core\/fit-text::{&quot;fontSize&quot;:&quot;&quot;}\" data-wp-init---core-fit-text=\"core\/fit-text::callbacks.init\" data-wp-interactive data-wp-style--font-size=\"core\/fit-text::context.fontSize\" class=\"wp-block-heading has-fit-text\">Min erfaring som fort\u00e6ller<\/h2>\n\n\n\n<p>April 2026: Bes\u00f8gte Grundtvigs H\u00f8jskole og overtog undervisningen i valgfaget &#8220;Story Telling&#8221;.<\/p>\n\n\n\n<div class=\"wp-block-group has-global-padding is-layout-constrained wp-block-group-is-layout-constrained\">\n<p>Marts 2026: Blev medlem af bestyrelsen i FISK &#8211; Fort\u00e6lling I Skolen, der arbejder for at g\u00f8re mundtlig fort\u00e6lling til et af l\u00e6rernes foretrukne v\u00e6rkt\u00f8jer til den daglige undervisning. <\/p>\n\n\n\n<p>Februar 2026: Tog hoppet ud som professionel fort\u00e6ller og fik en masse nye venner &#8211; bl.a. p\u00e5 BestTellers i K\u00f8benhavn og Fort\u00e6llere i Danmark.<\/p>\n\n\n\n<p>Januar 2026: Deltog i Story Slam p\u00e5 Teater Katapult i Aarhus, hvor jeg gik videre til Grand Slam-finalen i Aarhus til december &#8211; kom og h\u00f8r!<\/p>\n\n\n\n<p>2023-24: Ansat som dedikeret fort\u00e6llerl\u00e6rer (!) p\u00e5 Hjemly Friskole. Sammen med 4. klasse kom vi gennem hele Gilgamesh-eposset og vi n\u00f8d  hvert minut!<\/p>\n\n\n\n<p>August 2023: Uddannet l\u00e6rer i de frie skoler (fri-, efter- og h\u00f8jskoler) fra Den Frie L\u00e6rerskole.<\/p>\n\n\n\n<p>Januar-juni 2023: Skrev specialet &#8220;Den Levende Fort\u00e6lling&#8221; om brugen af mundtlig fort\u00e6lling i grundskolen sammen med en dejlig gruppe medstuderende.<\/p>\n<\/div>\n<\/div>\n","protected":false},"excerpt":{"rendered":"<p>Min h\u00f8jpandede vision Fordi fort\u00e6lling i alle dens former betyder s\u00e5 meget for mig, \u00f8nsker jeg at dele den gl\u00e6de med alle mulige andre &#8211; b\u00f8rn, voksne, l\u00e6rere, ledere, politikere og p\u00e6dagoger. Derfor dr\u00f8mmer jeg om at udbrede den mundtlige fort\u00e6lling til hele landet ved at lave workshops for skoler, s\u00e5 l\u00e6rere og p\u00e6dagoger kan [&hellip;]<\/p>\n","protected":false},"author":1,"featured_media":69,"parent":0,"menu_order":0,"comment_status":"closed","ping_status":"closed","template":"om","meta":{"footnotes":""},"class_list":["post-13","page","type-page","status-publish","has-post-thumbnail","hentry"],"_links":{"self":[{"href":"https:\/\/xn--fortl-vra.nu\/index.php\/wp-json\/wp\/v2\/pages\/13","targetHints":{"allow":["GET"]}}],"collection":[{"href":"https:\/\/xn--fortl-vra.nu\/index.php\/wp-json\/wp\/v2\/pages"}],"about":[{"href":"https:\/\/xn--fortl-vra.nu\/index.php\/wp-json\/wp\/v2\/types\/page"}],"author":[{"embeddable":true,"href":"https:\/\/xn--fortl-vra.nu\/index.php\/wp-json\/wp\/v2\/users\/1"}],"replies":[{"embeddable":true,"href":"https:\/\/xn--fortl-vra.nu\/index.php\/wp-json\/wp\/v2\/comments?post=13"}],"version-history":[{"count":15,"href":"https:\/\/xn--fortl-vra.nu\/index.php\/wp-json\/wp\/v2\/pages\/13\/revisions"}],"predecessor-version":[{"id":162,"href":"https:\/\/xn--fortl-vra.nu\/index.php\/wp-json\/wp\/v2\/pages\/13\/revisions\/162"}],"wp:featuredmedia":[{"embeddable":true,"href":"https:\/\/xn--fortl-vra.nu\/index.php\/wp-json\/wp\/v2\/media\/69"}],"wp:attachment":[{"href":"https:\/\/xn--fortl-vra.nu\/index.php\/wp-json\/wp\/v2\/media?parent=13"}],"curies":[{"name":"wp","href":"https:\/\/api.w.org\/{rel}","templated":true}]}}