{"id":59,"date":"2026-02-10T08:58:37","date_gmt":"2026-02-10T07:58:37","guid":{"rendered":"https:\/\/xn--fortl-vra.nu\/?page_id=59"},"modified":"2026-02-13T10:52:00","modified_gmt":"2026-02-13T09:52:00","slug":"forside","status":"publish","type":"page","link":"https:\/\/xn--fortl-vra.nu\/","title":{"rendered":"Forside"},"content":{"rendered":"\n<div style=\"height:100px\" aria-hidden=\"true\" class=\"wp-block-spacer\"><\/div>\n\n\n\n<h2 data-wp-context---core-fit-text=\"core\/fit-text::{&quot;fontSize&quot;:&quot;&quot;}\" data-wp-init---core-fit-text=\"core\/fit-text::callbacks.init\" data-wp-interactive data-wp-style--font-size=\"core\/fit-text::context.fontSize\" class=\"wp-block-heading has-fit-text\">Mit navn er Mads<\/h2>\n\n\n\n<h2 data-wp-context---core-fit-text=\"core\/fit-text::{&quot;fontSize&quot;:&quot;&quot;}\" data-wp-init---core-fit-text=\"core\/fit-text::callbacks.init\" data-wp-interactive data-wp-style--font-size=\"core\/fit-text::context.fontSize\" class=\"wp-block-heading has-fit-text\">og jeg fort\u00e6ller historier!<\/h2>\n\n\n\n<hr class=\"wp-block-separator has-alpha-channel-opacity\"\/>\n\n\n\n<p>Jeg vil rigtig gerne fort\u00e6lle for jer, og hvis I t\u00f8rster efter historier, der kan f\u00e5 jer til at grine, gr\u00e6de, smile eller rynke p\u00e5 brynene, kan I kontakte mig p\u00e5 mail mads@fortaelnu.dk eller telefon <strong>+45 28 68 36 16<\/strong>.<\/p>\n\n\n\n<p>Udover at fort\u00e6lle historier deltager jeg ogs\u00e5 aktivt i skoledebatten, fordi jeg gerne vil kl\u00e6de landets skolel\u00e6rere p\u00e5 til selv at fort\u00e6lle historier for deres elever. Hvis I er nysgerrige p\u00e5 det, kan I klikke ind p\u00e5 <a href=\"https:\/\/xn--fortl-vra.nu\/index.php\/blog\/\" data-type=\"page\" data-id=\"11\">min blog<\/a> og l\u00e6se mine artikler. <\/p>\n\n\n\n<p>I kan ogs\u00e5 booke mig til en workshop &#8211; s\u00e5 s\u00e6tter jeg handling bag ordene og kommer forbi jeres skole for at give jer helt konkrette redskaber til at blive stjernegode fort\u00e6llere! L\u00e6s mere om det her.<\/p>\n\n\n\n<div style=\"height:111px\" aria-hidden=\"true\" class=\"wp-block-spacer\"><\/div>\n","protected":false},"excerpt":{"rendered":"<p>Mit navn er Mads og jeg fort\u00e6ller historier! Jeg vil rigtig gerne fort\u00e6lle for jer, og hvis I t\u00f8rster efter historier, der kan f\u00e5 jer til at grine, gr\u00e6de, smile eller rynke p\u00e5 brynene, kan I kontakte mig p\u00e5 mail mads@fortaelnu.dk eller telefon +45 28 68 36 16. Udover at fort\u00e6lle historier deltager jeg ogs\u00e5 [&hellip;]<\/p>\n","protected":false},"author":1,"featured_media":0,"parent":0,"menu_order":0,"comment_status":"closed","ping_status":"closed","template":"","meta":{"footnotes":""},"class_list":["post-59","page","type-page","status-publish","hentry"],"_links":{"self":[{"href":"https:\/\/xn--fortl-vra.nu\/index.php\/wp-json\/wp\/v2\/pages\/59","targetHints":{"allow":["GET"]}}],"collection":[{"href":"https:\/\/xn--fortl-vra.nu\/index.php\/wp-json\/wp\/v2\/pages"}],"about":[{"href":"https:\/\/xn--fortl-vra.nu\/index.php\/wp-json\/wp\/v2\/types\/page"}],"author":[{"embeddable":true,"href":"https:\/\/xn--fortl-vra.nu\/index.php\/wp-json\/wp\/v2\/users\/1"}],"replies":[{"embeddable":true,"href":"https:\/\/xn--fortl-vra.nu\/index.php\/wp-json\/wp\/v2\/comments?post=59"}],"version-history":[{"count":17,"href":"https:\/\/xn--fortl-vra.nu\/index.php\/wp-json\/wp\/v2\/pages\/59\/revisions"}],"predecessor-version":[{"id":153,"href":"https:\/\/xn--fortl-vra.nu\/index.php\/wp-json\/wp\/v2\/pages\/59\/revisions\/153"}],"wp:attachment":[{"href":"https:\/\/xn--fortl-vra.nu\/index.php\/wp-json\/wp\/v2\/media?parent=59"}],"curies":[{"name":"wp","href":"https:\/\/api.w.org\/{rel}","templated":true}]}}